{"id":7,"date":"2023-10-08T03:27:19","date_gmt":"2023-10-08T01:27:19","guid":{"rendered":"https:\/\/escapedigital.sorienrot.es\/?page_id=7"},"modified":"2023-10-11T12:11:44","modified_gmt":"2023-10-11T10:11:44","slug":"inicio","status":"publish","type":"page","link":"https:\/\/escapedigital.sorienrot.es\/","title":{"rendered":"Inicio"},"content":{"rendered":"\n<div class=\"wp-block-cover alignfull is-light\" style=\"min-height:700px\"><span aria-hidden=\"true\" class=\"wp-block-cover__background has-background-dim-0 has-background-dim\"><\/span><img decoding=\"async\" class=\"wp-block-cover__image-background\" alt=\"\" src=\"https:\/\/escapedigital.sorienrot.es\/wp-content\/themes\/neve\/assets\/img\/starter-content\/hero.jpg\" style=\"object-position:85% 74%\" data-object-fit=\"cover\" data-object-position=\"85% 74%\"\/><div class=\"wp-block-cover__inner-container is-layout-flow wp-block-cover-is-layout-flow\">\n<div style=\"height:80px\" aria-hidden=\"true\" class=\"wp-block-spacer\"><\/div>\n\n\n\n<h1 class=\"wp-block-heading has-text-align-center has-text-color\" style=\"color:#121212\">Create and grow your <br>unique website today<\/h1>\n\n\n\n<p class=\"has-text-align-center has-text-color\" style=\"color:#121212;font-size:17px\">Programmatically work but low hanging fruit so new economy cross-pollination. Quick sync new <br>economy onward and upward.<\/p>\n\n\n\n<div class=\"wp-block-buttons is-content-justification-center is-layout-flex wp-container-1 wp-block-buttons-is-layout-flex\">\n<div class=\"wp-block-button is-style-primary\"><a class=\"wp-block-button__link wp-element-button\" href=\"#\">LEARN MORE<\/a><\/div>\n\n\n\n<div class=\"wp-block-button is-style-secondary\"><a class=\"wp-block-button__link wp-element-button\" href=\"https:\/\/demosites.io\/\" target=\"_blank\" rel=\"noreferrer noopener\">SEE ALL DEMOS<\/a><\/div>\n<\/div>\n\n\n\n<div style=\"height:80px\" aria-hidden=\"true\" class=\"wp-block-spacer\"><\/div>\n\n\n\n<div style=\"height:80px\" aria-hidden=\"true\" class=\"wp-block-spacer\"><\/div>\n\n\n\n<p><\/p>\n<\/div><\/div>\n\n\n\n<div style=\"height:80px\" aria-hidden=\"true\" class=\"wp-block-spacer\"><\/div>\n\n\n\n<div class=\"wp-block-columns is-layout-flex wp-container-6 wp-block-columns-is-layout-flex\">\n<div class=\"wp-block-column is-layout-flow wp-block-column-is-layout-flow\"><div class=\"wp-block-image icon-style is-style-default\">\n<figure class=\"aligncenter is-resized\"><img decoding=\"async\" loading=\"lazy\" src=\"https:\/\/escapedigital.sorienrot.es\/wp-content\/themes\/neve\/assets\/img\/starter-content\/icon-03.svg\" alt=\"\" style=\"width:48px;height:48px\" width=\"48\" height=\"48\"\/><\/figure><\/div>\n\n\n<div style=\"height:20px\" aria-hidden=\"true\" class=\"wp-block-spacer\"><\/div>\n\n\n\n<h3 class=\"wp-block-heading has-text-align-center has-neve-text-color-color has-text-color\"><strong>Componentes probados y certificados<\/strong><\/h3>\n\n\n\n<p class=\"has-text-align-center\">Todos nuestros equipos y componentes han sido testeados y aprobados por nuestros expertos.<\/p>\n\n\n\n<div style=\"height:20px\" aria-hidden=\"true\" class=\"wp-block-spacer\"><\/div>\n<\/div>\n\n\n\n<div class=\"wp-block-column is-layout-flow wp-block-column-is-layout-flow\"><div class=\"wp-block-image icon-style is-style-default\">\n<figure class=\"aligncenter is-resized\"><img decoding=\"async\" loading=\"lazy\" src=\"https:\/\/escapedigital.sorienrot.es\/wp-content\/themes\/neve\/assets\/img\/starter-content\/icon-02.svg\" alt=\"\" style=\"width:48px;height:48px\" width=\"48\" height=\"48\"\/><\/figure><\/div>\n\n\n<div style=\"height:20px\" aria-hidden=\"true\" class=\"wp-block-spacer\"><\/div>\n\n\n\n<h3 class=\"wp-block-heading has-text-align-center has-neve-text-color-color has-text-color\"><strong>Garant\u00eda de material<\/strong><\/h3>\n\n\n\n<p class=\"has-text-align-center\">Equipos garantizados durante cualquier servicio.<\/p>\n\n\n\n<div style=\"height:20px\" aria-hidden=\"true\" class=\"wp-block-spacer\"><\/div>\n<\/div>\n\n\n\n<div class=\"wp-block-column is-layout-flow wp-block-column-is-layout-flow\"><div class=\"wp-block-image icon-style is-style-rounded\">\n<figure class=\"aligncenter is-resized\"><img decoding=\"async\" loading=\"lazy\" src=\"https:\/\/escapedigital.sorienrot.es\/wp-content\/themes\/neve\/assets\/img\/starter-content\/icon-01.svg\" alt=\"\" style=\"width:48px;height:48px\" width=\"48\" height=\"48\"\/><\/figure><\/div>\n\n\n<div style=\"height:20px\" aria-hidden=\"true\" class=\"wp-block-spacer\"><\/div>\n\n\n\n<h3 class=\"wp-block-heading has-text-align-center has-neve-text-color-color has-text-color\">Soporte t\u00e9cnico avanzado<\/h3>\n\n\n\n<p class=\"has-text-align-center\">Nuestros equipos t\u00e9cnicos est\u00e1n disponibles en el mismo centro de datos las 24 horas del d\u00eda, los 7 d\u00edas de la semana.<\/p>\n\n\n\n<div style=\"height:20px\" aria-hidden=\"true\" class=\"wp-block-spacer\"><\/div>\n<\/div>\n<\/div>\n\n\n\n<div style=\"height:80px\" aria-hidden=\"true\" class=\"wp-block-spacer\"><\/div>\n\n\n\n<div class=\"wp-block-cover alignfull\" style=\"min-height:600px\"><span aria-hidden=\"true\" class=\"wp-block-cover__background has-nv-light-bg-background-color has-background-dim-100 has-background-dim\"><\/span><div class=\"wp-block-cover__inner-container is-layout-flow wp-block-cover-is-layout-flow\">\n<div class=\"wp-block-group is-layout-flow wp-block-group-is-layout-flow\"><div class=\"wp-block-group__inner-container\">\n<div style=\"height:80px\" aria-hidden=\"true\" class=\"wp-block-spacer\"><\/div>\n\n\n\n<div class=\"wp-block-columns are-vertically-aligned-center is-layout-flex wp-container-10 wp-block-columns-is-layout-flex\">\n<div class=\"wp-block-column is-vertically-aligned-center is-layout-flow wp-block-column-is-layout-flow\" style=\"flex-basis:50%\">\n<figure class=\"wp-block-image size-large\"><img decoding=\"async\" loading=\"lazy\" width=\"1024\" height=\"1024\" src=\"https:\/\/escapedigital.sorienrot.es\/wp-content\/uploads\/2023\/10\/Nexus-Logo-3D_Mesa-de-trabajo-1-1024x1024.png\" alt=\"\" class=\"wp-image-34\" srcset=\"https:\/\/escapedigital.sorienrot.es\/wp-content\/uploads\/2023\/10\/Nexus-Logo-3D_Mesa-de-trabajo-1-1024x1024.png 1024w, https:\/\/escapedigital.sorienrot.es\/wp-content\/uploads\/2023\/10\/Nexus-Logo-3D_Mesa-de-trabajo-1-300x300.png 300w, https:\/\/escapedigital.sorienrot.es\/wp-content\/uploads\/2023\/10\/Nexus-Logo-3D_Mesa-de-trabajo-1-150x150.png 150w, https:\/\/escapedigital.sorienrot.es\/wp-content\/uploads\/2023\/10\/Nexus-Logo-3D_Mesa-de-trabajo-1-768x768.png 768w, https:\/\/escapedigital.sorienrot.es\/wp-content\/uploads\/2023\/10\/Nexus-Logo-3D_Mesa-de-trabajo-1-1536x1536.png 1536w, https:\/\/escapedigital.sorienrot.es\/wp-content\/uploads\/2023\/10\/Nexus-Logo-3D_Mesa-de-trabajo-1-2048x2048.png 2048w\" sizes=\"(max-width: 1024px) 100vw, 1024px\" \/><\/figure>\n<\/div>\n\n\n\n<div class=\"wp-block-column is-vertically-aligned-center is-layout-flow wp-block-column-is-layout-flow\" style=\"flex-basis:50%\">\n<div style=\"height:20px\" aria-hidden=\"true\" class=\"wp-block-spacer\"><\/div>\n\n\n\n<h2 class=\"wp-block-heading has-text-align-left has-neve-text-color-color has-text-color\">\u00bfQUIENES SOMOS?<\/h2>\n\n\n\n<p class=\"has-text-align-left has-neve-text-color-color has-text-color\" style=\"font-size:17px\">NexusHost es especialista en alojamiento web inform\u00e1tico, servidores dedicados y computaci\u00f3n Cloud desde 2023. Poseemos\u00a0<strong>nuestros propios centros de procesamiento de datos en Espa\u00f1a<\/strong>, as\u00ed como filiales en Pa\u00edses Bajos y en Francia.<\/p>\n\n\n\n<div class=\"wp-block-buttons is-content-justification-left is-layout-flex wp-container-8 wp-block-buttons-is-layout-flex\">\n<div class=\"wp-block-button is-style-primary\"><a class=\"wp-block-button__link wp-element-button\" href=\"#\">LEARN MORE<\/a><\/div>\n<\/div>\n<\/div>\n<\/div>\n\n\n\n<div style=\"height:40px\" aria-hidden=\"true\" class=\"wp-block-spacer\"><\/div>\n<\/div><\/div>\n<\/div><\/div>\n\n\n\n<div class=\"wp-block-cover alignfull\" style=\"min-height:600px\"><span aria-hidden=\"true\" class=\"wp-block-cover__background has-nv-site-bg-background-color has-background-dim-100 has-background-dim\"><\/span><div class=\"wp-block-cover__inner-container is-layout-flow wp-block-cover-is-layout-flow\">\n<div class=\"wp-block-group is-layout-flow wp-block-group-is-layout-flow\"><div class=\"wp-block-group__inner-container\">\n<div style=\"height:80px\" aria-hidden=\"true\" class=\"wp-block-spacer\"><\/div>\n\n\n\n<div class=\"wp-block-columns are-vertically-aligned-center is-layout-flex wp-container-16 wp-block-columns-is-layout-flex\">\n<div class=\"wp-block-column is-vertically-aligned-center is-layout-flow wp-block-column-is-layout-flow\" style=\"flex-basis:50%\">\n<h2 class=\"wp-block-heading has-text-align-left has-neve-text-color-color has-text-color\">Branding<\/h2>\n\n\n\n<p class=\"has-text-align-left has-neve-text-color-color has-text-color\" style=\"font-size:17px\">Lorem ipsum dolor sit amet, consectetur adipiscing elit. Ut elit tellus, luctus nec ullamcorper mattis, pulvinar dapibus leo.<\/p>\n\n\n\n<div class=\"wp-block-buttons is-content-justification-left is-layout-flex wp-container-13 wp-block-buttons-is-layout-flex\">\n<div class=\"wp-block-button is-style-primary\"><a class=\"wp-block-button__link wp-element-button\" href=\"#\">LEARN MORE<\/a><\/div>\n<\/div>\n\n\n\n<div style=\"height:40px\" aria-hidden=\"true\" class=\"wp-block-spacer\"><\/div>\n<\/div>\n\n\n\n<div class=\"wp-block-column is-vertically-aligned-center is-layout-flow wp-block-column-is-layout-flow\" style=\"flex-basis:50%\">\n<figure class=\"wp-block-image\"><img decoding=\"async\" src=\"https:\/\/escapedigital.sorienrot.es\/wp-content\/themes\/neve\/assets\/img\/starter-content\/card-04.jpg\" alt=\"\"\/><\/figure>\n<\/div>\n<\/div>\n\n\n\n<div style=\"height:40px\" aria-hidden=\"true\" class=\"wp-block-spacer\"><\/div>\n<\/div><\/div>\n<\/div><\/div>\n\n\n\n<div class=\"wp-block-cover alignfull\" style=\"min-height:600px\"><span aria-hidden=\"true\" class=\"wp-block-cover__background has-nv-dark-bg-background-color has-background-dim-100 has-background-dim\"><\/span><div class=\"wp-block-cover__inner-container is-layout-flow wp-block-cover-is-layout-flow\">\n<div class=\"wp-block-group is-layout-flow wp-block-group-is-layout-flow\"><div class=\"wp-block-group__inner-container\">\n<div style=\"height:80px\" aria-hidden=\"true\" class=\"wp-block-spacer\"><\/div>\n\n\n\n<div class=\"wp-block-columns are-vertically-aligned-center is-layout-flex wp-container-22 wp-block-columns-is-layout-flex\">\n<div class=\"wp-block-column is-vertically-aligned-center is-layout-flow wp-block-column-is-layout-flow\" style=\"flex-basis:50%\">\n<figure class=\"wp-block-image\"><img decoding=\"async\" src=\"https:\/\/escapedigital.sorienrot.es\/wp-content\/themes\/neve\/assets\/img\/starter-content\/card-03.jpg\" alt=\"\"\/><\/figure>\n<\/div>\n\n\n\n<div class=\"wp-block-column is-vertically-aligned-center is-layout-flow wp-block-column-is-layout-flow\" style=\"flex-basis:50%\">\n<div style=\"height:40px\" aria-hidden=\"true\" class=\"wp-block-spacer\"><\/div>\n\n\n\n<h2 class=\"wp-block-heading has-text-align-left has-nv-text-dark-bg-color has-text-color\">We are driven by values<\/h2>\n\n\n\n<p class=\"has-text-align-left has-nv-text-dark-bg-color has-text-color\" style=\"font-size:17px\">Lorem ipsum dolor sit amet, consectetur adipiscing elit. Ut elit tellus, luctus nec ullamcorper mattis, pulvinar dapibus leo.<\/p>\n\n\n\n<div class=\"wp-block-buttons is-content-justification-left is-layout-flex wp-container-20 wp-block-buttons-is-layout-flex\">\n<div class=\"wp-block-button is-style-primary\"><a class=\"wp-block-button__link wp-element-button\" href=\"#\">LEARN MORE<\/a><\/div>\n<\/div>\n<\/div>\n<\/div>\n\n\n\n<div style=\"height:40px\" aria-hidden=\"true\" class=\"wp-block-spacer\"><\/div>\n<\/div><\/div>\n<\/div><\/div>\n\n\n\n<div style=\"height:40px\" aria-hidden=\"true\" class=\"wp-block-spacer\"><\/div>\n\n\n\n<div class=\"wp-block-cover alignfull\" style=\"min-height:600px\"><span aria-hidden=\"true\" class=\"wp-block-cover__background has-nv-site-bg-background-color has-background-dim-100 has-background-dim\"><\/span><div class=\"wp-block-cover__inner-container is-layout-flow wp-block-cover-is-layout-flow\">\n<div class=\"wp-block-group is-layout-flow wp-block-group-is-layout-flow\"><div class=\"wp-block-group__inner-container\">\n<div style=\"height:80px\" aria-hidden=\"true\" class=\"wp-block-spacer\"><\/div>\n\n\n\n<h2 class=\"wp-block-heading has-neve-text-color-color has-text-color\">Featured Work<\/h2>\n\n\n\n<div style=\"height:20px\" aria-hidden=\"true\" class=\"wp-block-spacer\"><\/div>\n\n\n\n<div class=\"wp-block-columns are-vertically-aligned-center is-layout-flex wp-container-27 wp-block-columns-is-layout-flex\">\n<div class=\"wp-block-column is-vertically-aligned-center is-layout-flow wp-block-column-is-layout-flow\" style=\"flex-basis:50%\">\n<figure class=\"wp-block-image\"><a href=\"#\"><img decoding=\"async\" src=\"https:\/\/escapedigital.sorienrot.es\/wp-content\/themes\/neve\/assets\/img\/starter-content\/card-02.jpg\" alt=\"\"\/><\/a><\/figure>\n\n\n\n<div style=\"height:40px\" aria-hidden=\"true\" class=\"wp-block-spacer\"><\/div>\n<\/div>\n\n\n\n<div class=\"wp-block-column is-vertically-aligned-center is-layout-flow wp-block-column-is-layout-flow\" style=\"flex-basis:50%\">\n<figure class=\"wp-block-image\"><a href=\"#\"><img decoding=\"async\" src=\"https:\/\/escapedigital.sorienrot.es\/wp-content\/themes\/neve\/assets\/img\/starter-content\/card-01.jpg\" alt=\"\"\/><\/a><\/figure>\n\n\n\n<div style=\"height:40px\" aria-hidden=\"true\" class=\"wp-block-spacer\"><\/div>\n<\/div>\n<\/div>\n\n\n\n<div style=\"height:40px\" aria-hidden=\"true\" class=\"wp-block-spacer\"><\/div>\n<\/div><\/div>\n<\/div><\/div>\n\n\n\n<div class=\"wp-block-cover alignfull\" style=\"min-height:420px\"><span aria-hidden=\"true\" class=\"wp-block-cover__background has-nv-light-bg-background-color has-background-dim-100 has-background-dim\"><\/span><div class=\"wp-block-cover__inner-container is-layout-flow wp-block-cover-is-layout-flow\">\n<div style=\"height:80px\" aria-hidden=\"true\" class=\"wp-block-spacer\"><\/div>\n\n\n\n<div class=\"wp-block-columns is-layout-flex wp-container-33 wp-block-columns-is-layout-flex\">\n<div class=\"wp-block-column is-layout-flow wp-block-column-is-layout-flow\">\n<figure class=\"wp-block-image is-resized is-style-rounded\"><img decoding=\"async\" loading=\"lazy\" src=\"https:\/\/escapedigital.sorienrot.es\/wp-content\/themes\/neve\/assets\/img\/starter-content\/team-03.jpg\" alt=\"\" style=\"width:80px;height:80px\" width=\"80\" height=\"80\"\/><\/figure>\n\n\n\n<div style=\"height:24px\" aria-hidden=\"true\" class=\"wp-block-spacer\"><\/div>\n\n\n\n<p class=\"has-text-align-left has-neve-text-color-color has-text-color has-normal-font-size\">\u201cWhat is the point of being alive if you don\u2019t at least try to do something remarkable?\u201d<\/p>\n\n\n\n<p class=\"has-neve-text-color-color has-text-color\">JANET MORRIS<\/p>\n\n\n\n<div style=\"height:20px\" aria-hidden=\"true\" class=\"wp-block-spacer\"><\/div>\n<\/div>\n\n\n\n<div class=\"wp-block-column is-layout-flow wp-block-column-is-layout-flow\">\n<figure class=\"wp-block-image is-resized is-style-rounded\"><img decoding=\"async\" loading=\"lazy\" src=\"https:\/\/escapedigital.sorienrot.es\/wp-content\/themes\/neve\/assets\/img\/starter-content\/team-01.jpg\" alt=\"\" style=\"width:80px;height:80px\" width=\"80\" height=\"80\"\/><\/figure>\n\n\n\n<div style=\"height:24px\" aria-hidden=\"true\" class=\"wp-block-spacer\"><\/div>\n\n\n\n<p class=\"has-text-align-left has-neve-text-color-color has-text-color has-normal-font-size\">\u201cWhat is the point of being alive if you don\u2019t at least try to do something remarkable?\u201d<\/p>\n\n\n\n<p class=\"has-neve-text-color-color has-text-color\">WILLIE BROWN<\/p>\n\n\n\n<div style=\"height:20px\" aria-hidden=\"true\" class=\"wp-block-spacer\"><\/div>\n<\/div>\n\n\n\n<div class=\"wp-block-column is-layout-flow wp-block-column-is-layout-flow\">\n<figure class=\"wp-block-image is-resized is-style-rounded\"><img decoding=\"async\" loading=\"lazy\" src=\"https:\/\/escapedigital.sorienrot.es\/wp-content\/themes\/neve\/assets\/img\/starter-content\/team-02.jpg\" alt=\"\" style=\"width:80px;height:80px\" width=\"80\" height=\"80\"\/><\/figure>\n\n\n\n<div style=\"height:24px\" aria-hidden=\"true\" class=\"wp-block-spacer\"><\/div>\n\n\n\n<p class=\"has-text-align-left has-neve-text-color-color has-text-color has-normal-font-size\">\u201cWhat is the point of being alive if you don\u2019t at least try to do something remarkable?\u201d<\/p>\n\n\n\n<p class=\"has-neve-text-color-color has-text-color\">SEAN FISHER<\/p>\n\n\n\n<div style=\"height:20px\" aria-hidden=\"true\" class=\"wp-block-spacer\"><\/div>\n<\/div>\n<\/div>\n\n\n\n<div style=\"height:30px\" aria-hidden=\"true\" class=\"wp-block-spacer\"><\/div>\n<\/div><\/div>\n\n\n\n<div class=\"wp-block-cover alignfull\" style=\"min-height:300px\"><span aria-hidden=\"true\" class=\"wp-block-cover__background has-nv-dark-bg-background-color has-background-dim-100 has-background-dim\"><\/span><div class=\"wp-block-cover__inner-container is-layout-flow wp-block-cover-is-layout-flow\">\n<div style=\"height:140px\" aria-hidden=\"true\" class=\"wp-block-spacer\"><\/div>\n\n\n\n<h2 class=\"wp-block-heading has-text-align-center has-nv-text-dark-bg-color has-text-color\">Let\u2019s work together on your <br>next web project<\/h2>\n\n\n\n<p class=\"has-text-align-center has-medium-font-size\">Lorem ipsum dolor sit amet, consectetur adipiscing elit. Ut elit tellus, luctus <br>nec ullamcorper mattis, pulvinar dapibus leo.<\/p>\n\n\n\n<div class=\"wp-block-buttons is-content-justification-center is-layout-flex wp-container-35 wp-block-buttons-is-layout-flex\">\n<div class=\"wp-block-button is-style-primary\"><a class=\"wp-block-button__link wp-element-button\" href=\"#\">LEARN MORE<\/a><\/div>\n<\/div>\n\n\n\n<div style=\"height:140px\" aria-hidden=\"true\" class=\"wp-block-spacer\"><\/div>\n<\/div><\/div>\n","protected":false},"excerpt":{"rendered":"<p>Componentes probados y certificados Todos nuestros equipos y componentes han sido testeados y aprobados por nuestros expertos. Garant\u00eda de material Equipos garantizados durante cualquier servicio. Soporte t\u00e9cnico avanzado Nuestros equipos t\u00e9cnicos est\u00e1n disponibles en el mismo centro de datos las 24 horas del d\u00eda, los 7 d\u00edas de la semana.<\/p>\n","protected":false},"author":1,"featured_media":0,"parent":0,"menu_order":0,"comment_status":"closed","ping_status":"closed","template":"","meta":{"neve_meta_sidebar":"","neve_meta_container":"","neve_meta_enable_content_width":"on","neve_meta_content_width":100,"neve_meta_title_alignment":"","neve_meta_author_avatar":"","neve_post_elements_order":"","neve_meta_disable_header":"","neve_meta_disable_footer":"","neve_meta_disable_title":"on","footnotes":""},"yoast_head":"<!-- This site is optimized with the Yoast SEO plugin v21.3 - https:\/\/yoast.com\/wordpress\/plugins\/seo\/ -->\n<title>Inicio -<\/title>\n<meta name=\"robots\" content=\"index, follow, max-snippet:-1, max-image-preview:large, max-video-preview:-1\" \/>\n<link rel=\"canonical\" href=\"https:\/\/escapedigital.sorienrot.es\/\" \/>\n<meta property=\"og:locale\" content=\"es_ES\" \/>\n<meta property=\"og:type\" content=\"article\" \/>\n<meta property=\"og:title\" content=\"Inicio -\" \/>\n<meta property=\"og:description\" content=\"Componentes probados y certificados Todos nuestros equipos y componentes han sido testeados y aprobados por nuestros expertos. Garant\u00eda de material Equipos garantizados durante cualquier servicio. Soporte t\u00e9cnico avanzado Nuestros equipos t\u00e9cnicos est\u00e1n disponibles en el mismo centro de datos las 24 horas del d\u00eda, los 7 d\u00edas de la semana.\" \/>\n<meta property=\"og:url\" content=\"https:\/\/escapedigital.sorienrot.es\/\" \/>\n<meta property=\"article:modified_time\" content=\"2023-10-11T10:11:44+00:00\" \/>\n<meta property=\"og:image\" content=\"https:\/\/escapedigital.sorienrot.es\/wp-content\/themes\/neve\/assets\/img\/starter-content\/hero.jpg\" \/>\n<meta name=\"twitter:card\" content=\"summary_large_image\" \/>\n<meta name=\"twitter:label1\" content=\"Tiempo de lectura\" \/>\n\t<meta name=\"twitter:data1\" content=\"1 minuto\" \/>\n<script type=\"application\/ld+json\" class=\"yoast-schema-graph\">{\"@context\":\"https:\/\/schema.org\",\"@graph\":[{\"@type\":\"WebPage\",\"@id\":\"https:\/\/escapedigital.sorienrot.es\/\",\"url\":\"https:\/\/escapedigital.sorienrot.es\/\",\"name\":\"Inicio -\",\"isPartOf\":{\"@id\":\"https:\/\/escapedigital.sorienrot.es\/#website\"},\"datePublished\":\"2023-10-08T01:27:19+00:00\",\"dateModified\":\"2023-10-11T10:11:44+00:00\",\"breadcrumb\":{\"@id\":\"https:\/\/escapedigital.sorienrot.es\/#breadcrumb\"},\"inLanguage\":\"es\",\"potentialAction\":[{\"@type\":\"ReadAction\",\"target\":[\"https:\/\/escapedigital.sorienrot.es\/\"]}]},{\"@type\":\"BreadcrumbList\",\"@id\":\"https:\/\/escapedigital.sorienrot.es\/#breadcrumb\",\"itemListElement\":[{\"@type\":\"ListItem\",\"position\":1,\"name\":\"Portada\",\"item\":\"https:\/\/escapedigital.sorienrot.es\/\"},{\"@type\":\"ListItem\",\"position\":2,\"name\":\"Inicio\"}]},{\"@type\":\"WebSite\",\"@id\":\"https:\/\/escapedigital.sorienrot.es\/#website\",\"url\":\"https:\/\/escapedigital.sorienrot.es\/\",\"name\":\"\",\"description\":\"\",\"potentialAction\":[{\"@type\":\"SearchAction\",\"target\":{\"@type\":\"EntryPoint\",\"urlTemplate\":\"https:\/\/escapedigital.sorienrot.es\/?s={search_term_string}\"},\"query-input\":\"required name=search_term_string\"}],\"inLanguage\":\"es\"}]}<\/script>\n<!-- \/ Yoast SEO plugin. -->","yoast_head_json":{"title":"Inicio -","robots":{"index":"index","follow":"follow","max-snippet":"max-snippet:-1","max-image-preview":"max-image-preview:large","max-video-preview":"max-video-preview:-1"},"canonical":"https:\/\/escapedigital.sorienrot.es\/","og_locale":"es_ES","og_type":"article","og_title":"Inicio -","og_description":"Componentes probados y certificados Todos nuestros equipos y componentes han sido testeados y aprobados por nuestros expertos. Garant\u00eda de material Equipos garantizados durante cualquier servicio. Soporte t\u00e9cnico avanzado Nuestros equipos t\u00e9cnicos est\u00e1n disponibles en el mismo centro de datos las 24 horas del d\u00eda, los 7 d\u00edas de la semana.","og_url":"https:\/\/escapedigital.sorienrot.es\/","article_modified_time":"2023-10-11T10:11:44+00:00","og_image":[{"url":"https:\/\/escapedigital.sorienrot.es\/wp-content\/themes\/neve\/assets\/img\/starter-content\/hero.jpg"}],"twitter_card":"summary_large_image","twitter_misc":{"Tiempo de lectura":"1 minuto"},"schema":{"@context":"https:\/\/schema.org","@graph":[{"@type":"WebPage","@id":"https:\/\/escapedigital.sorienrot.es\/","url":"https:\/\/escapedigital.sorienrot.es\/","name":"Inicio -","isPartOf":{"@id":"https:\/\/escapedigital.sorienrot.es\/#website"},"datePublished":"2023-10-08T01:27:19+00:00","dateModified":"2023-10-11T10:11:44+00:00","breadcrumb":{"@id":"https:\/\/escapedigital.sorienrot.es\/#breadcrumb"},"inLanguage":"es","potentialAction":[{"@type":"ReadAction","target":["https:\/\/escapedigital.sorienrot.es\/"]}]},{"@type":"BreadcrumbList","@id":"https:\/\/escapedigital.sorienrot.es\/#breadcrumb","itemListElement":[{"@type":"ListItem","position":1,"name":"Portada","item":"https:\/\/escapedigital.sorienrot.es\/"},{"@type":"ListItem","position":2,"name":"Inicio"}]},{"@type":"WebSite","@id":"https:\/\/escapedigital.sorienrot.es\/#website","url":"https:\/\/escapedigital.sorienrot.es\/","name":"","description":"","potentialAction":[{"@type":"SearchAction","target":{"@type":"EntryPoint","urlTemplate":"https:\/\/escapedigital.sorienrot.es\/?s={search_term_string}"},"query-input":"required name=search_term_string"}],"inLanguage":"es"}]}},"_links":{"self":[{"href":"https:\/\/escapedigital.sorienrot.es\/index.php?rest_route=\/wp\/v2\/pages\/7"}],"collection":[{"href":"https:\/\/escapedigital.sorienrot.es\/index.php?rest_route=\/wp\/v2\/pages"}],"about":[{"href":"https:\/\/escapedigital.sorienrot.es\/index.php?rest_route=\/wp\/v2\/types\/page"}],"author":[{"embeddable":true,"href":"https:\/\/escapedigital.sorienrot.es\/index.php?rest_route=\/wp\/v2\/users\/1"}],"replies":[{"embeddable":true,"href":"https:\/\/escapedigital.sorienrot.es\/index.php?rest_route=%2Fwp%2Fv2%2Fcomments&post=7"}],"version-history":[{"count":3,"href":"https:\/\/escapedigital.sorienrot.es\/index.php?rest_route=\/wp\/v2\/pages\/7\/revisions"}],"predecessor-version":[{"id":40,"href":"https:\/\/escapedigital.sorienrot.es\/index.php?rest_route=\/wp\/v2\/pages\/7\/revisions\/40"}],"wp:attachment":[{"href":"https:\/\/escapedigital.sorienrot.es\/index.php?rest_route=%2Fwp%2Fv2%2Fmedia&parent=7"}],"curies":[{"name":"wp","href":"https:\/\/api.w.org\/{rel}","templated":true}]}}